{"id":213584,"date":"2019-10-07T21:00:40","date_gmt":"2019-10-07T20:00:40","guid":{"rendered":"https:\/\/webdealaska.com\/contact\/"},"modified":"2019-10-07T21:00:42","modified_gmt":"2019-10-07T20:00:42","slug":"contact","status":"publish","type":"page","link":"https:\/\/webdealaska.com\/en\/contact\/","title":{"rendered":"CONTACT"},"content":{"rendered":"<p>[et_pb_section fb_built=&#8221;1&#8243; admin_label=&#8221;Hero&#8221; _builder_version=&#8221;3.0.101&#8243; background_color=&#8221;#fcd21d&#8221; background_image=&#8221;https:\/\/webdealaska.com\/wp-content\/uploads\/2018\/09\/background-texture.jpg&#8221; background_blend=&#8221;multiply&#8221; custom_padding=&#8221;20px|0px|52px|0px&#8221; animation_style=&#8221;zoom&#8221; animation_intensity_zoom=&#8221;4%&#8221;][et_pb_row custom_padding=&#8221;|||&#8221; bg_img_2=&#8221;https:\/\/webdealaska.com\/wp-content\/uploads\/2018\/09\/business-13.jpg&#8221; parallax_2=&#8221;on&#8221; _builder_version=&#8221;3.0.83&#8243; background_size=&#8221;initial&#8221; background_position=&#8221;top_left&#8221; background_repeat=&#8221;repeat&#8221; background_blend=&#8221;multiply&#8221; animation_style=&#8221;slide&#8221; animation_direction=&#8221;top&#8221; animation_intensity_slide=&#8221;3%&#8221;][et_pb_column type=&#8221;4_4&#8243; _builder_version=&#8221;3.0.47&#8243; parallax=&#8221;off&#8221; parallax_method=&#8221;on&#8221;][et_pb_text _builder_version=&#8221;3.0.83&#8243; text_font=&#8221;||||||||&#8221; header_font=&#8221;Montserrat|700||on|||||dotted&#8221; header_text_color=&#8221;#353740&#8243; header_font_size=&#8221;60px&#8221; header_font_size_last_edited=&#8221;off|desktop&#8221; header_line_height=&#8221;1.3em&#8221; background_size=&#8221;initial&#8221; background_position=&#8221;top_left&#8221; background_repeat=&#8221;repeat&#8221; custom_margin=&#8221;|||&#8221; animation_style=&#8221;fade&#8221; locked=&#8221;off&#8221;]<\/p>\n<h1>Contact<\/h1>\n<p>[\/et_pb_text][et_pb_divider color=&#8221;#353740&#8243; divider_weight=&#8221;6px&#8221; disabled_on=&#8221;on|on|off&#8221; _builder_version=&#8221;3.2&#8243; max_width=&#8221;120px&#8221; animation_style=&#8221;slide&#8221; animation_direction=&#8221;top&#8221; animation_intensity_slide=&#8221;30%&#8221;][\/et_pb_divider][\/et_pb_column][\/et_pb_row][\/et_pb_section][et_pb_section fb_built=&#8221;1&#8243; admin_label=&#8221;Contact Section&#8221; _builder_version=&#8221;3.15&#8243; custom_padding=&#8221;59px||0||false|false&#8221;][et_pb_row admin_label=&#8221;Contact Area&#8221; _builder_version=&#8221;3.15&#8243; animation_style=&#8221;zoom&#8221; animation_intensity_zoom=&#8221;20%&#8221;][et_pb_column type=&#8221;1_3&#8243; _builder_version=&#8221;3.0.47&#8243; parallax=&#8221;off&#8221; parallax_method=&#8221;on&#8221;][et_pb_text _builder_version=&#8221;3.15&#8243; text_font=&#8221;Montserrat||||&#8221; text_text_color=&#8221;#747d88&#8243; text_font_size=&#8221;19px&#8221; text_line_height=&#8221;1.8em&#8221; link_font=&#8221;||||on|||#fcd21d|double&#8221; link_text_color=&#8221;#353740&#8243; header_font=&#8221;Montserrat||||&#8221; header_4_font=&#8221;Montserrat|700|||||||&#8221; header_4_text_color=&#8221;#353740&#8243; header_4_font_size=&#8221;22px&#8221; header_4_line_height=&#8221;1.9em&#8221; custom_margin=&#8221;||-2px|&#8221; animation_style=&#8221;zoom&#8221; animation_intensity_zoom=&#8221;20%&#8221;]<\/p>\n<h4>Write us<\/h4>\n<p>[\/et_pb_text][et_pb_text _builder_version=&#8221;3.15&#8243; text_font=&#8221;Montserrat||||&#8221; text_text_color=&#8221;#747d88&#8243; text_font_size=&#8221;19px&#8221; text_line_height=&#8221;1.8em&#8221; link_font=&#8221;||||on|||#fcd21d|double&#8221; link_text_color=&#8221;#353740&#8243; header_font=&#8221;Montserrat||||&#8221; header_4_font=&#8221;Montserrat|700|||||||&#8221; header_4_text_color=&#8221;#353740&#8243; header_4_font_size=&#8221;22px&#8221; header_4_line_height=&#8221;1.9em&#8221; border_width_top=&#8221;1px&#8221; max_width=&#8221;20%&#8221; custom_margin=&#8221;|||&#8221; animation_style=&#8221;zoom&#8221; animation_intensity_zoom=&#8221;20%&#8221;][\/et_pb_text][et_pb_text _builder_version=&#8221;3.15&#8243; text_font=&#8221;Montserrat||||&#8221; text_text_color=&#8221;#747d88&#8243; text_font_size=&#8221;19px&#8221; text_line_height=&#8221;1.8em&#8221; link_font=&#8221;||||on|||#fcd21d|double&#8221; link_text_color=&#8221;#353740&#8243; header_font=&#8221;Montserrat||||&#8221; header_4_font=&#8221;Montserrat|700|||||||&#8221; header_4_text_color=&#8221;#353740&#8243; header_4_font_size=&#8221;22px&#8221; header_4_line_height=&#8221;1.9em&#8221; animation_style=&#8221;zoom&#8221; animation_intensity_zoom=&#8221;20%&#8221;]<span style=\"color: #000000\"><strong>Email:<\/strong><\/span><\/p>\n<p><span style=\"font-size: 18px\"><a href=\"mailto:info@webdealaska.com\"><span style=\"color: #000000\">info@webdealaska.com<\/span><\/a><\/span><br \/>\n[\/et_pb_text][\/et_pb_column][et_pb_column type=&#8221;1_3&#8243; _builder_version=&#8221;3.0.47&#8243; parallax=&#8221;off&#8221; parallax_method=&#8221;on&#8221;][et_pb_text _builder_version=&#8221;3.15&#8243; text_font=&#8221;Montserrat||||&#8221; text_text_color=&#8221;#747d88&#8243; text_font_size=&#8221;19px&#8221; text_line_height=&#8221;1.8em&#8221; link_font=&#8221;||||on|||#fcd21d|double&#8221; link_text_color=&#8221;#353740&#8243; header_font=&#8221;Montserrat||||&#8221; header_4_font=&#8221;Montserrat|700|||||||&#8221; header_4_text_color=&#8221;#353740&#8243; header_4_font_size=&#8221;22px&#8221; header_4_line_height=&#8221;1.9em&#8221; custom_margin=&#8221;||-2px|&#8221; animation_style=&#8221;zoom&#8221; animation_intensity_zoom=&#8221;20%&#8221;]<\/p>\n<h4>Talk with us<\/h4>\n<p>[\/et_pb_text][et_pb_text _builder_version=&#8221;3.15&#8243; text_font=&#8221;Montserrat||||&#8221; text_text_color=&#8221;#747d88&#8243; text_font_size=&#8221;19px&#8221; text_line_height=&#8221;1.8em&#8221; link_font=&#8221;||||on|||#fcd21d|double&#8221; link_text_color=&#8221;#353740&#8243; header_font=&#8221;Montserrat||||&#8221; header_4_font=&#8221;Montserrat|700|||||||&#8221; header_4_text_color=&#8221;#353740&#8243; header_4_font_size=&#8221;22px&#8221; header_4_line_height=&#8221;1.9em&#8221; border_width_top=&#8221;1px&#8221; max_width=&#8221;20%&#8221; custom_margin=&#8221;|||&#8221; animation_style=&#8221;zoom&#8221; animation_intensity_zoom=&#8221;20%&#8221;][\/et_pb_text][et_pb_text _builder_version=&#8221;3.17.2&#8243; text_font=&#8221;Montserrat||||&#8221; text_text_color=&#8221;#747d88&#8243; text_font_size=&#8221;18px&#8221; text_line_height=&#8221;1.8em&#8221; link_font=&#8221;||||on|||#fcd21d|double&#8221; link_text_color=&#8221;#353740&#8243; header_font=&#8221;Montserrat||||&#8221; header_4_font=&#8221;Montserrat|700|||||||&#8221; header_4_text_color=&#8221;#353740&#8243; header_4_font_size=&#8221;22px&#8221; header_4_line_height=&#8221;1.9em&#8221; animation_style=&#8221;zoom&#8221; animation_delay=&#8221;100ms&#8221; animation_intensity_zoom=&#8221;20%&#8221; locked=&#8221;off&#8221;]<span style=\"color: #000000\"><strong>Number:<\/strong><\/span><\/p>\n<p><a href=\"tel:+34%20666%20073%20476\">+34 666 073 476<\/a><br \/>\n<span style=\"color: #000000;font-size: medium\"> 8-19h Monday to Friday.<\/span>[\/et_pb_text][\/et_pb_column][et_pb_column type=&#8221;1_3&#8243; _builder_version=&#8221;3.0.47&#8243; parallax=&#8221;off&#8221; parallax_method=&#8221;on&#8221;][et_pb_text _builder_version=&#8221;3.15&#8243; text_font=&#8221;Montserrat||||&#8221; text_text_color=&#8221;#747d88&#8243; text_font_size=&#8221;19px&#8221; text_line_height=&#8221;1.8em&#8221; link_font=&#8221;||||on|||#fcd21d|double&#8221; link_text_color=&#8221;#353740&#8243; header_font=&#8221;Montserrat||||&#8221; header_4_font=&#8221;Montserrat|700|||||||&#8221; header_4_text_color=&#8221;#353740&#8243; header_4_font_size=&#8221;22px&#8221; header_4_line_height=&#8221;1.9em&#8221; custom_margin=&#8221;||-2px|&#8221; animation_style=&#8221;zoom&#8221; animation_intensity_zoom=&#8221;20%&#8221; locked=&#8221;off&#8221;]<\/p>\n<h4>See you soon<\/h4>\n<p>[\/et_pb_text][et_pb_text _builder_version=&#8221;3.15&#8243; text_font=&#8221;Montserrat||||&#8221; text_text_color=&#8221;#747d88&#8243; text_font_size=&#8221;19px&#8221; text_line_height=&#8221;1.8em&#8221; link_font=&#8221;||||on|||#fcd21d|double&#8221; link_text_color=&#8221;#353740&#8243; header_font=&#8221;Montserrat||||&#8221; header_4_font=&#8221;Montserrat|700|||||||&#8221; header_4_text_color=&#8221;#353740&#8243; header_4_font_size=&#8221;22px&#8221; header_4_line_height=&#8221;1.9em&#8221; border_width_top=&#8221;1px&#8221; max_width=&#8221;20%&#8221; custom_margin=&#8221;|||&#8221; animation_style=&#8221;zoom&#8221; animation_intensity_zoom=&#8221;20%&#8221;][\/et_pb_text][et_pb_text _builder_version=&#8221;3.17.2&#8243; text_font=&#8221;Montserrat||||&#8221; text_text_color=&#8221;#747d88&#8243; text_font_size=&#8221;18px&#8221; text_line_height=&#8221;1.8em&#8221; link_font=&#8221;||||on|||#fcd21d|double&#8221; link_text_color=&#8221;#353740&#8243; header_font=&#8221;Montserrat||||&#8221; header_4_font=&#8221;Montserrat|700|||||||&#8221; header_4_text_color=&#8221;#353740&#8243; header_4_font_size=&#8221;22px&#8221; header_4_line_height=&#8221;1.9em&#8221; animation_style=&#8221;zoom&#8221; animation_delay=&#8221;100ms&#8221; animation_intensity_zoom=&#8221;20%&#8221; locked=&#8221;off&#8221;]<span style=\"color: #000000\"><strong>Skype:<\/strong><\/span><\/p>\n<p><a href=\"Alaska\">Alaska<\/a><br \/>\n[\/et_pb_text][\/et_pb_column][\/et_pb_row][\/et_pb_section][et_pb_section fb_built=&#8221;1&#8243; _builder_version=&#8221;3.15&#8243; custom_padding=&#8221;0|0px|0|0px|false|false&#8221;][et_pb_row custom_padding=&#8221;29px|0px|64px|0px|false|false&#8221; _builder_version=&#8221;3.15&#8243;][et_pb_column type=&#8221;1_3&#8243; _builder_version=&#8221;3.15&#8243; parallax=&#8221;off&#8221; parallax_method=&#8221;on&#8221;][\/et_pb_column][et_pb_column type=&#8221;1_3&#8243; _builder_version=&#8221;3.15&#8243; parallax=&#8221;off&#8221; parallax_method=&#8221;on&#8221;][et_pb_text _builder_version=&#8221;3.15&#8243; text_font=&#8221;Montserrat||||&#8221; text_text_color=&#8221;#747d88&#8243; text_font_size=&#8221;18px&#8221; text_line_height=&#8221;1.8em&#8221; link_font=&#8221;||||on|||#fcd21d|double&#8221; link_text_color=&#8221;#353740&#8243; header_font=&#8221;Montserrat||||&#8221; header_4_font=&#8221;Montserrat|700|||||||&#8221; header_4_text_color=&#8221;#353740&#8243; header_4_font_size=&#8221;22px&#8221; header_4_line_height=&#8221;1.9em&#8221; border_width_bottom=&#8221;1px&#8221; max_width=&#8221;72%&#8221; animation_style=&#8221;zoom&#8221; animation_delay=&#8221;100ms&#8221; animation_intensity_zoom=&#8221;20%&#8221; locked=&#8221;off&#8221;][\/et_pb_text][\/et_pb_column][et_pb_column type=&#8221;1_3&#8243; _builder_version=&#8221;3.15&#8243; parallax=&#8221;off&#8221; parallax_method=&#8221;on&#8221;][\/et_pb_column][\/et_pb_row][\/et_pb_section][et_pb_section fb_built=&#8221;1&#8243; admin_label=&#8221;Contact Form Section&#8221; _builder_version=&#8221;3.15&#8243; custom_padding=&#8221;0||78px||false|false&#8221; animation_style=&#8221;zoom&#8221; animation_direction=&#8221;bottom&#8221; animation_intensity_zoom=&#8221;10%&#8221; saved_tabs=&#8221;all&#8221;][et_pb_row custom_padding=&#8221;34px|0px|27px|0px|false|false&#8221; admin_label=&#8221;Contact Form&#8221; _builder_version=&#8221;3.15&#8243; box_shadow_style=&#8221;preset2&#8243; box_shadow_horizontal=&#8221;20px&#8221; box_shadow_vertical=&#8221;24px&#8221; box_shadow_blur=&#8221;38px&#8221; box_shadow_spread=&#8221;-4px&#8221; animation_style=&#8221;fade&#8221;][et_pb_column type=&#8221;4_4&#8243; _builder_version=&#8221;3.0.47&#8243; parallax=&#8221;off&#8221; parallax_method=&#8221;on&#8221;][et_pb_contact_form captcha=&#8221;off&#8221; email=&#8221;clientes@webdealaska.com&#8221; success_message=&#8221;Thanks. We will contact you shortly.&#8221; submit_button_text=&#8221;Send&#8221; form_background_color=&#8221;rgba(255,255,255,0)&#8221; module_id=&#8221;et_pb_contact_form_0&#8243; _builder_version=&#8221;3.15&#8243; form_field_font=&#8221;Montserrat||||&#8221; form_field_text_color=&#8221;#353740&#8243; form_field_font_size=&#8221;16px&#8221; custom_button=&#8221;on&#8221; button_text_color=&#8221;#000000&#8243; button_border_width=&#8221;1px&#8221; button_border_color=&#8221;#000000&#8243; button_border_radius=&#8221;100px&#8221; button_letter_spacing=&#8221;2px&#8221; button_font=&#8221;Montserrat|on||on|&#8221; button_icon=&#8221;%%36%%&#8221; button_icon_color=&#8221;#ffffff&#8221; box_shadow_style=&#8221;preset7&#8243; box_shadow_horizontal=&#8221;0px&#8221; box_shadow_vertical=&#8221;-1px&#8221; box_shadow_color=&#8221;rgba(0,0,0,0.18)&#8221; max_width=&#8221;800px&#8221; module_alignment=&#8221;center&#8221; animation_style=&#8221;fade&#8221; button_text_color_hover=&#8221;#000000&#8243; button_bg_color_hover=&#8221;#fcd233&#8243; button_border_color_hover=&#8221;#ffffff&#8221; button_letter_spacing_hover=&#8221;2px&#8221;][et_pb_contact_field field_id=&#8221;Name&#8221; field_title=&#8221;Name&#8221; _builder_version=&#8221;3.16&#8243; border_radii=&#8221;on||||&#8221; button_text_size__hover_enabled=&#8221;off&#8221; button_one_text_size__hover_enabled=&#8221;off&#8221; button_two_text_size__hover_enabled=&#8221;off&#8221; button_text_color__hover_enabled=&#8221;off&#8221; button_one_text_color__hover_enabled=&#8221;off&#8221; button_two_text_color__hover_enabled=&#8221;off&#8221; button_border_width__hover_enabled=&#8221;off&#8221; button_one_border_width__hover_enabled=&#8221;off&#8221; button_two_border_width__hover_enabled=&#8221;off&#8221; button_border_color__hover_enabled=&#8221;off&#8221; button_one_border_color__hover_enabled=&#8221;off&#8221; button_two_border_color__hover_enabled=&#8221;off&#8221; button_border_radius__hover_enabled=&#8221;off&#8221; button_one_border_radius__hover_enabled=&#8221;off&#8221; button_two_border_radius__hover_enabled=&#8221;off&#8221; button_letter_spacing__hover_enabled=&#8221;off&#8221; button_one_letter_spacing__hover_enabled=&#8221;off&#8221; button_two_letter_spacing__hover_enabled=&#8221;off&#8221; button_bg_color__hover_enabled=&#8221;off&#8221; button_one_bg_color__hover_enabled=&#8221;off&#8221; button_two_bg_color__hover_enabled=&#8221;off&#8221;][\/et_pb_contact_field][et_pb_contact_field field_id=&#8221;Email&#8221; field_title=&#8221;Email&#8221; field_type=&#8221;email&#8221; _builder_version=&#8221;3.16&#8243; border_radii=&#8221;on||||&#8221; button_text_size__hover_enabled=&#8221;off&#8221; button_one_text_size__hover_enabled=&#8221;off&#8221; button_two_text_size__hover_enabled=&#8221;off&#8221; button_text_color__hover_enabled=&#8221;off&#8221; button_one_text_color__hover_enabled=&#8221;off&#8221; button_two_text_color__hover_enabled=&#8221;off&#8221; button_border_width__hover_enabled=&#8221;off&#8221; button_one_border_width__hover_enabled=&#8221;off&#8221; button_two_border_width__hover_enabled=&#8221;off&#8221; button_border_color__hover_enabled=&#8221;off&#8221; button_one_border_color__hover_enabled=&#8221;off&#8221; button_two_border_color__hover_enabled=&#8221;off&#8221; button_border_radius__hover_enabled=&#8221;off&#8221; button_one_border_radius__hover_enabled=&#8221;off&#8221; button_two_border_radius__hover_enabled=&#8221;off&#8221; button_letter_spacing__hover_enabled=&#8221;off&#8221; button_one_letter_spacing__hover_enabled=&#8221;off&#8221; button_two_letter_spacing__hover_enabled=&#8221;off&#8221; button_bg_color__hover_enabled=&#8221;off&#8221; button_one_bg_color__hover_enabled=&#8221;off&#8221; button_two_bg_color__hover_enabled=&#8221;off&#8221;][\/et_pb_contact_field][et_pb_contact_field field_id=&#8221;Tel\u00e9fono&#8221; field_title=&#8221;Telephone&#8221; required_mark=&#8221;off&#8221; _builder_version=&#8221;3.16&#8243; border_radii=&#8221;on||||&#8221; button_text_size__hover_enabled=&#8221;off&#8221; button_one_text_size__hover_enabled=&#8221;off&#8221; button_two_text_size__hover_enabled=&#8221;off&#8221; button_text_color__hover_enabled=&#8221;off&#8221; button_one_text_color__hover_enabled=&#8221;off&#8221; button_two_text_color__hover_enabled=&#8221;off&#8221; button_border_width__hover_enabled=&#8221;off&#8221; button_one_border_width__hover_enabled=&#8221;off&#8221; button_two_border_width__hover_enabled=&#8221;off&#8221; button_border_color__hover_enabled=&#8221;off&#8221; button_one_border_color__hover_enabled=&#8221;off&#8221; button_two_border_color__hover_enabled=&#8221;off&#8221; button_border_radius__hover_enabled=&#8221;off&#8221; button_one_border_radius__hover_enabled=&#8221;off&#8221; button_two_border_radius__hover_enabled=&#8221;off&#8221; button_letter_spacing__hover_enabled=&#8221;off&#8221; button_one_letter_spacing__hover_enabled=&#8221;off&#8221; button_two_letter_spacing__hover_enabled=&#8221;off&#8221; button_bg_color__hover_enabled=&#8221;off&#8221; button_one_bg_color__hover_enabled=&#8221;off&#8221; button_two_bg_color__hover_enabled=&#8221;off&#8221;][\/et_pb_contact_field][et_pb_contact_field field_id=&#8221;Servicio&#8221; field_title=&#8221;Service&#8221; field_type=&#8221;select&#8221; select_options=&#8221;%91{%22value%22:%22Google Analytics%22,%22checked%22:0,%22dragID%22:-1},{%22value%22:%22Campa\u00f1a de Adwords SEM%22,%22checked%22:0,%22dragID%22:0},{%22value%22:%22Posicionamiento SEO%22,%22checked%22:0,%22dragID%22:1},{%22value%22:%22Dise\u00f1o web%22,%22checked%22:0,%22dragID%22:2},{%22value%22:%22Producci\u00f3n audivisual%22,%22checked%22:0,%22dragID%22:3},{%22value%22:%22Consultor\u00eda Marketing%22,%22checked%22:0,%22dragID%22:4},{%22value%22:%22Marketing de Contenidos%22,%22checked%22:0,%22dragID%22:5},{%22value%22:%22Social Media%22,%22checked%22:0,%22dragID%22:6}%93&#8243; _builder_version=&#8221;3.16&#8243; border_radii=&#8221;on||||&#8221; button_text_size__hover_enabled=&#8221;off&#8221; button_one_text_size__hover_enabled=&#8221;off&#8221; button_two_text_size__hover_enabled=&#8221;off&#8221; button_text_color__hover_enabled=&#8221;off&#8221; button_one_text_color__hover_enabled=&#8221;off&#8221; button_two_text_color__hover_enabled=&#8221;off&#8221; button_border_width__hover_enabled=&#8221;off&#8221; button_one_border_width__hover_enabled=&#8221;off&#8221; button_two_border_width__hover_enabled=&#8221;off&#8221; button_border_color__hover_enabled=&#8221;off&#8221; button_one_border_color__hover_enabled=&#8221;off&#8221; button_two_border_color__hover_enabled=&#8221;off&#8221; button_border_radius__hover_enabled=&#8221;off&#8221; button_one_border_radius__hover_enabled=&#8221;off&#8221; button_two_border_radius__hover_enabled=&#8221;off&#8221; button_letter_spacing__hover_enabled=&#8221;off&#8221; button_one_letter_spacing__hover_enabled=&#8221;off&#8221; button_two_letter_spacing__hover_enabled=&#8221;off&#8221; button_bg_color__hover_enabled=&#8221;off&#8221; button_one_bg_color__hover_enabled=&#8221;off&#8221; button_two_bg_color__hover_enabled=&#8221;off&#8221;][\/et_pb_contact_field][et_pb_contact_field field_id=&#8221;Message&#8221; field_title=&#8221;Tell us&#8230;.&#8221; field_type=&#8221;text&#8221; fullwidth_field=&#8221;on&#8221; _builder_version=&#8221;3.16&#8243; border_radii=&#8221;on||||&#8221; custom_margin=&#8221;||60px|&#8221; custom_padding=&#8221;|||&#8221; button_text_size__hover_enabled=&#8221;off&#8221; button_one_text_size__hover_enabled=&#8221;off&#8221; button_two_text_size__hover_enabled=&#8221;off&#8221; button_text_color__hover_enabled=&#8221;off&#8221; button_one_text_color__hover_enabled=&#8221;off&#8221; button_two_text_color__hover_enabled=&#8221;off&#8221; button_border_width__hover_enabled=&#8221;off&#8221; button_one_border_width__hover_enabled=&#8221;off&#8221; button_two_border_width__hover_enabled=&#8221;off&#8221; button_border_color__hover_enabled=&#8221;off&#8221; button_one_border_color__hover_enabled=&#8221;off&#8221; button_two_border_color__hover_enabled=&#8221;off&#8221; button_border_radius__hover_enabled=&#8221;off&#8221; button_one_border_radius__hover_enabled=&#8221;off&#8221; button_two_border_radius__hover_enabled=&#8221;off&#8221; button_letter_spacing__hover_enabled=&#8221;off&#8221; button_one_letter_spacing__hover_enabled=&#8221;off&#8221; button_two_letter_spacing__hover_enabled=&#8221;off&#8221; button_bg_color__hover_enabled=&#8221;off&#8221; button_one_bg_color__hover_enabled=&#8221;off&#8221; button_two_bg_color__hover_enabled=&#8221;off&#8221;][\/et_pb_contact_field][\/et_pb_contact_form][\/et_pb_column][\/et_pb_row][\/et_pb_section][et_pb_section fb_built=&#8221;1&#8243; fullwidth=&#8221;on&#8221; admin_label=&#8221;Map Section&#8221; _builder_version=&#8221;3.0.78&#8243;][et_pb_fullwidth_map address=&#8221;Oakland, CA, USA&#8221; zoom_level=&#8221;5&#8243; address_lat=&#8221;40.889310890249&#8243; address_lng=&#8221;-1.37173759729&#8243; use_grayscale_filter=&#8221;on&#8221; grayscale_filter_amount=&#8221;70&#8243; _builder_version=&#8221;3.17.6&#8243; child_filter_saturate=&#8221;30%&#8221;][et_pb_map_pin title=&#8221;Spain&#8221; pin_address=&#8221;Espa\u00f1a&#8221; pin_address_lat=&#8221;40.423951953463&#8243; pin_address_lng=&#8221;-3.6929150683594&#8243; _builder_version=&#8221;3.0.101&#8243;][\/et_pb_map_pin][et_pb_map_pin title=&#8221;BARCELONA&#8221; pin_address=&#8221;https:\/\/www.google.com\/maps\/place\/Barcelona\/data=!4m2!3m1!1s0x12a49816718e30e5:0x44b0fb3d4f47660a?sa=X&amp;ved=2ahUKEwjWkJ_71ePdAhUix4UKHZM6A7sQ8gEwH3oECAkQCw&#8221; pin_address_lat=&#8221;41.364518807814&#8243; pin_address_lng=&#8221;2.1553839449218&#8243; _builder_version=&#8221;3.0.101&#8243;][\/et_pb_map_pin][\/et_pb_fullwidth_map][\/et_pb_section]<\/p>\n","protected":false},"excerpt":{"rendered":"<p>[et_pb_section fb_built=&#8221;1&#8243; admin_label=&#8221;Hero&#8221; _builder_version=&#8221;3.0.101&#8243; background_color=&#8221;#fcd21d&#8221; background_image=&#8221;https:\/\/webdealaska.com\/wp-content\/uploads\/2018\/09\/background-texture.jpg&#8221; background_blend=&#8221;multiply&#8221; custom_padding=&#8221;20px|0px|52px|0px&#8221; animation_style=&#8221;zoom&#8221; animation_intensity_zoom=&#8221;4%&#8221;][et_pb_row custom_padding=&#8221;|||&#8221; bg_img_2=&#8221;https:\/\/webdealaska.com\/wp-content\/uploads\/2018\/09\/business-13.jpg&#8221; parallax_2=&#8221;on&#8221; _builder_version=&#8221;3.0.83&#8243; background_size=&#8221;initial&#8221; background_position=&#8221;top_left&#8221; background_repeat=&#8221;repeat&#8221; background_blend=&#8221;multiply&#8221; animation_style=&#8221;slide&#8221; animation_direction=&#8221;top&#8221; animation_intensity_slide=&#8221;3%&#8221;][et_pb_column type=&#8221;4_4&#8243; _builder_version=&#8221;3.0.47&#8243; parallax=&#8221;off&#8221; parallax_method=&#8221;on&#8221;][et_pb_text _builder_version=&#8221;3.0.83&#8243; text_font=&#8221;||||||||&#8221; header_font=&#8221;Montserrat|700||on|||||dotted&#8221; header_text_color=&#8221;#353740&#8243; header_font_size=&#8221;60px&#8221; header_font_size_last_edited=&#8221;off|desktop&#8221; header_line_height=&#8221;1.3em&#8221; background_size=&#8221;initial&#8221; background_position=&#8221;top_left&#8221; background_repeat=&#8221;repeat&#8221; custom_margin=&#8221;|||&#8221; animation_style=&#8221;fade&#8221; locked=&#8221;off&#8221;] Contact [\/et_pb_text][et_pb_divider color=&#8221;#353740&#8243; divider_weight=&#8221;6px&#8221; disabled_on=&#8221;on|on|off&#8221; _builder_version=&#8221;3.2&#8243; max_width=&#8221;120px&#8221; animation_style=&#8221;slide&#8221; animation_direction=&#8221;top&#8221; animation_intensity_slide=&#8221;30%&#8221;][\/et_pb_divider][\/et_pb_column][\/et_pb_row][\/et_pb_section][et_pb_section fb_built=&#8221;1&#8243; admin_label=&#8221;Contact Section&#8221; _builder_version=&#8221;3.15&#8243; custom_padding=&#8221;59px||0||false|false&#8221;][et_pb_row admin_label=&#8221;Contact Area&#8221; [&hellip;]<\/p>\n","protected":false},"author":2,"featured_media":0,"parent":0,"menu_order":0,"comment_status":"closed","ping_status":"closed","template":"","meta":{"_et_pb_use_builder":"on","_et_pb_old_content":"","_et_gb_content_width":"","footnotes":""},"class_list":["post-213584","page","type-page","status-publish","hentry"],"_links":{"self":[{"href":"https:\/\/webdealaska.com\/en\/wp-json\/wp\/v2\/pages\/213584","targetHints":{"allow":["GET"]}}],"collection":[{"href":"https:\/\/webdealaska.com\/en\/wp-json\/wp\/v2\/pages"}],"about":[{"href":"https:\/\/webdealaska.com\/en\/wp-json\/wp\/v2\/types\/page"}],"author":[{"embeddable":true,"href":"https:\/\/webdealaska.com\/en\/wp-json\/wp\/v2\/users\/2"}],"replies":[{"embeddable":true,"href":"https:\/\/webdealaska.com\/en\/wp-json\/wp\/v2\/comments?post=213584"}],"version-history":[{"count":4,"href":"https:\/\/webdealaska.com\/en\/wp-json\/wp\/v2\/pages\/213584\/revisions"}],"predecessor-version":[{"id":213588,"href":"https:\/\/webdealaska.com\/en\/wp-json\/wp\/v2\/pages\/213584\/revisions\/213588"}],"wp:attachment":[{"href":"https:\/\/webdealaska.com\/en\/wp-json\/wp\/v2\/media?parent=213584"}],"curies":[{"name":"wp","href":"https:\/\/api.w.org\/{rel}","templated":true}]}}